{"id":240132,"date":"2022-11-17T16:20:17","date_gmt":"2022-11-17T16:20:17","guid":{"rendered":"https:\/\/horizonscwc.com\/?page_id=240132"},"modified":"2026-02-07T21:22:42","modified_gmt":"2026-02-07T21:22:42","slug":"about-us","status":"publish","type":"page","link":"https:\/\/horizonscwc.com\/es\/about-us\/","title":{"rendered":"Nosotros"},"content":{"rendered":"<p>[et_pb_section fb_built=&#8221;1&#8243; fullwidth=&#8221;on&#8221; _builder_version=&#8221;4.19.0&#8243; _module_preset=&#8221;default&#8221; global_colors_info=&#8221;{}&#8221;][et_pb_fullwidth_slider _builder_version=&#8221;4.24.0&#8243; _module_preset=&#8221;default&#8221; custom_padding=&#8221;75px||75px||true|&#8221; global_colors_info=&#8221;{}&#8221;][et_pb_slide heading=&#8221;About Us&#8221; _builder_version=&#8221;4.24.0&#8243; _module_preset=&#8221;default&#8221; header_font=&#8221;Poppins|700|||||||&#8221; background_image=&#8221;https:\/\/horizonscwc.com\/wp-content\/uploads\/2022\/11\/fondo.jpg&#8221; background_enable_image=&#8221;on&#8221; text_orientation=&#8221;left&#8221; global_colors_info=&#8221;{}&#8221; sticky_transition=&#8221;on&#8221;][\/et_pb_slide][\/et_pb_fullwidth_slider][\/et_pb_section][et_pb_section fb_built=&#8221;1&#8243; _builder_version=&#8221;4.19.0&#8243; _module_preset=&#8221;default&#8221; custom_padding=&#8221;39px||0px|||&#8221; global_colors_info=&#8221;{}&#8221;][et_pb_row column_structure=&#8221;1_2,1_2&#8243; _builder_version=&#8221;4.19.0&#8243; _module_preset=&#8221;default&#8221; global_colors_info=&#8221;{}&#8221;][et_pb_column type=&#8221;1_2&#8243; _builder_version=&#8221;4.19.0&#8243; _module_preset=&#8221;default&#8221; global_colors_info=&#8221;{}&#8221;][et_pb_text _builder_version=&#8221;4.24.0&#8243; _module_preset=&#8221;default&#8221; text_font=&#8221;Poppins|300|||||||&#8221; text_font_size=&#8221;16px&#8221; global_colors_info=&#8221;{}&#8221;]<\/p>\n<div id=\"statementParagraph1-es\" class=\"statementPara translation-block\" style=\"text-align: justify;\">En <strong>Horizons Counseling &amp; Wellness Center (HCWC)<\/strong> estamos comprometidos a ayudar a nuestros clientes a lograr su estabilidad emocional. Le brindamos una terapia basada en el respeto a la competencia cultural porque entendemos que cada individuo es \u00fanico y tiene sus propias experiencias. Podemos proporcionar todos nuestros servicios en ingl\u00e9s y espa\u00f1ol. HCWC le brindar\u00e1 un espacio seguro, acceptacion positiva incondicional, comunicacion emp\u00e1tica, conocimiento y experiencia en el campo de la salud mental para ayudarlo a aumentar su capacidad para superar obst\u00e1culos y vivir la vida que se merece.\nHCWC se especializa en diferentes problemas de salud mental como la depresi\u00f3n, ansiedad, duelo\/p\u00e9rdida, trauma, agresi\u00f3n sexual, violencia dom\u00e9stica y v\u00edctimas de delitos. Trabajamos con ni\u00f1os, adolescentes y adultos y adultos mayores. Tambi\u00e9n nos especializamos en evaluaci\u00f3nes psicol\u00f3gicas de inmigraci\u00f3n (Dificultad extrema, Vawa, U visa, y Asilo politico)\n<br>\nEn <strong>HCWC<\/strong> nos enfocamos en empoderar y ayudar a los clientes a redescubrirse a s\u00ed mismos para lograr un crecimiento personal mientras procesan sus experiencias dif\u00edciles a trav\u00e9s de un enfoque solidario y compasivo. Sus metas de tratamiento de salud mental se basar\u00e1n en ejercicios terap\u00e9uticos e intervenciones basadas en estudios de investigaci\u00f3n cl\u00ednica.<\/div>\n<p>[\/et_pb_text][\/et_pb_column][et_pb_column type=&#8221;1_2&#8243; _builder_version=&#8221;4.19.0&#8243; _module_preset=&#8221;default&#8221; global_colors_info=&#8221;{}&#8221;][et_pb_image src=&#8221;https:\/\/horizonscwc.com\/wp-content\/uploads\/2022\/11\/Tania.jpg&#8221; title_text=&#8221;Tania&#8221; _builder_version=&#8221;4.24.0&#8243; _module_preset=&#8221;default&#8221; global_colors_info=&#8221;{}&#8221; src__hover_enabled=&#8221;on|desktop&#8221; src__hover=&#8221;https:\/\/horizonscwc.com\/wp-content\/uploads\/2022\/11\/Tania.jpg&#8221;][\/et_pb_image][\/et_pb_column][\/et_pb_row][et_pb_row column_structure=&#8221;1_2,1_2&#8243; _builder_version=&#8221;4.19.1&#8243; _module_preset=&#8221;default&#8221; min_height=&#8221;213.2px&#8221; global_colors_info=&#8221;{}&#8221;][et_pb_column type=&#8221;1_2&#8243; _builder_version=&#8221;4.19.1&#8243; _module_preset=&#8221;default&#8221; global_colors_info=&#8221;{}&#8221;][et_pb_text _builder_version=&#8221;4.24.0&#8243; _module_preset=&#8221;default&#8221; header_2_font=&#8221;Poppins|700|||||||&#8221; header_2_text_align=&#8221;center&#8221; global_colors_info=&#8221;{}&#8221;]<\/p>\n<h2>MISI\u00d3N<\/h2>\n<p>[\/et_pb_text][et_pb_text _builder_version=&#8221;4.24.0&#8243; _module_preset=&#8221;default&#8221; text_font=&#8221;Poppins|300|||||||&#8221; text_font_size=&#8221;16px&#8221; text_orientation=&#8221;justified&#8221; global_colors_info=&#8221;{}&#8221;]<\/p>\n<p>La misi\u00f3n de HCWC es ayudar a las personas, las familias y la comunidad a lograr el bienestar emocional a trav\u00e9s de la prevenci\u00f3n, la intervenci\u00f3n, el tratamiento y la educaci\u00f3n en salud mental.<\/p>\n<p>[\/et_pb_text][\/et_pb_column][et_pb_column type=&#8221;1_2&#8243; _builder_version=&#8221;4.19.1&#8243; _module_preset=&#8221;default&#8221; global_colors_info=&#8221;{}&#8221;][et_pb_text _builder_version=&#8221;4.24.0&#8243; _module_preset=&#8221;default&#8221; header_2_font=&#8221;Poppins|700|||||||&#8221; header_2_text_align=&#8221;center&#8221; global_colors_info=&#8221;{}&#8221;]<\/p>\n<h2>VISI\u00d3N<\/h2>\n<p>[\/et_pb_text][et_pb_text _builder_version=&#8221;4.24.0&#8243; _module_preset=&#8221;default&#8221; text_font=&#8221;Poppins|300|||||||&#8221; text_font_size=&#8221;16px&#8221; text_orientation=&#8221;justified&#8221; global_colors_info=&#8221;{}&#8221;]<\/p>\n<p>La visi\u00f3n de HCWC es ser una organizaci\u00f3n prestigiosa dedicada al cuidado y prevenci\u00f3n de la salud mental.<\/p>\n<p>[\/et_pb_text][\/et_pb_column][\/et_pb_row][\/et_pb_section][et_pb_section fb_built=&#8221;1&#8243; _builder_version=&#8221;4.24.0&#8243; _module_preset=&#8221;default&#8221; custom_margin=&#8221;-21px|||||&#8221; custom_padding=&#8221;0px|||||&#8221; global_colors_info=&#8221;{}&#8221;][et_pb_row _builder_version=&#8221;4.18.0&#8243; _module_preset=&#8221;default&#8221; min_height=&#8221;46.8px&#8221; custom_padding=&#8221;||0px|||&#8221; global_colors_info=&#8221;%91%93&#8243;][et_pb_column type=&#8221;4_4&#8243; _builder_version=&#8221;4.18.0&#8243; _module_preset=&#8221;default&#8221; global_colors_info=&#8221;{}&#8221;][et_pb_text _builder_version=&#8221;4.24.0&#8243; _module_preset=&#8221;default&#8221; header_2_font=&#8221;|800|||||||&#8221; custom_margin=&#8221;||15px|||&#8221; global_colors_info=&#8221;{}&#8221;]<\/p>\n<h2 style=\"text-align: center;\">CONOCE NUESTRO EQUIPO<\/h2>\n<p>[\/et_pb_text][\/et_pb_column][\/et_pb_row][et_pb_row column_structure=&#8221;1_3,1_3,1_3&#8243; _builder_version=&#8221;4.27.4&#8243; _module_preset=&#8221;default&#8221; global_colors_info=&#8221;{}&#8221;][et_pb_column type=&#8221;1_3&#8243; _builder_version=&#8221;4.24.0&#8243; _module_preset=&#8221;default&#8221; global_colors_info=&#8221;{}&#8221;][et_pb_team_member name=&#8221;Tania Marambio&#8221; position=&#8221;Founder &#8211; MSW, LCSW&#8221; image_url=&#8221;https:\/\/horizonscwc.com\/wp-content\/uploads\/2024\/09\/Tania-photo-240&#215;300.jpg&#8221; _builder_version=&#8221;4.27.4&#8243; _module_preset=&#8221;09dca454-ac57-4f7d-bf00-d7aa547595bb&#8221; text_orientation=&#8221;center&#8221; global_colors_info=&#8221;{}&#8221;][\/et_pb_team_member][\/et_pb_column][et_pb_column type=&#8221;1_3&#8243; _builder_version=&#8221;4.24.0&#8243; _module_preset=&#8221;default&#8221; global_colors_info=&#8221;{}&#8221;][et_pb_team_member name=&#8221;Carlos Marambio&#8221; position=&#8221;Business Administrator&#8221; image_url=&#8221;https:\/\/horizonscwc.com\/wp-content\/uploads\/2024\/09\/IMG_7911-245&#215;300.jpg&#8221; _builder_version=&#8221;4.27.4&#8243; _module_preset=&#8221;09dca454-ac57-4f7d-bf00-d7aa547595bb&#8221; text_orientation=&#8221;center&#8221; border_radii_image=&#8221;off||||&#8221; locked=&#8221;off&#8221; global_colors_info=&#8221;{}&#8221;][\/et_pb_team_member][\/et_pb_column][et_pb_column type=&#8221;1_3&#8243; _builder_version=&#8221;4.24.0&#8243; _module_preset=&#8221;default&#8221; global_colors_info=&#8221;{}&#8221;][et_pb_team_member name=&#8221;Berta Rodriguez Diaz &#8221; position=&#8221;CMHC Therapist&#8221; image_url=&#8221;https:\/\/horizonscwc.com\/wp-content\/uploads\/2025\/10\/berta-rodriguez-diaz.jpeg&#8221; _builder_version=&#8221;4.27.4&#8243; _module_preset=&#8221;09dca454-ac57-4f7d-bf00-d7aa547595bb&#8221; text_orientation=&#8221;center&#8221; global_colors_info=&#8221;{}&#8221;][\/et_pb_team_member][\/et_pb_column][\/et_pb_row][et_pb_row column_structure=&#8221;1_3,1_3,1_3&#8243; make_equal=&#8221;on&#8221; _builder_version=&#8221;4.27.4&#8243; _module_preset=&#8221;default&#8221; min_height=&#8221;446.5px&#8221; custom_padding=&#8221;||0px|||&#8221; global_colors_info=&#8221;{}&#8221;][et_pb_column type=&#8221;1_3&#8243; _builder_version=&#8221;4.24.0&#8243; _module_preset=&#8221;default&#8221; global_colors_info=&#8221;{}&#8221;][et_pb_team_member name=&#8221;Ainslie Vandehei&#8221; position=&#8221;CSW Therapist&#8221; image_url=&#8221;https:\/\/horizonscwc.com\/wp-content\/uploads\/2025\/01\/Horizons_Ainsley-scaled-e1736918941659-246&#215;300.jpeg&#8221; _builder_version=&#8221;4.27.4&#8243; _module_preset=&#8221;09dca454-ac57-4f7d-bf00-d7aa547595bb&#8221; text_orientation=&#8221;center&#8221; global_colors_info=&#8221;{}&#8221;][\/et_pb_team_member][\/et_pb_column][et_pb_column type=&#8221;1_3&#8243; _builder_version=&#8221;4.27.4&#8243; _module_preset=&#8221;default&#8221; global_colors_info=&#8221;{}&#8221;][et_pb_team_member name=&#8221;Cesar Rojas&#8221; position=&#8221;CSW Therapist&#8221; image_url=&#8221;https:\/\/horizonscwc.com\/wp-content\/uploads\/2025\/01\/824987F8-1D6F-40CD-BEE9-EBB0582EA6A9-e1770498208679.jpeg&#8221; _builder_version=&#8221;4.27.4&#8243; _module_preset=&#8221;09dca454-ac57-4f7d-bf00-d7aa547595bb&#8221; text_orientation=&#8221;center&#8221; border_radii_image=&#8221;off||||&#8221; global_colors_info=&#8221;{}&#8221;][\/et_pb_team_member][\/et_pb_column][et_pb_column type=&#8221;1_3&#8243; _builder_version=&#8221;4.27.4&#8243; _module_preset=&#8221;default&#8221; global_colors_info=&#8221;{}&#8221;][et_pb_team_member name=&#8221;Daniel Kemp&#8221; position=&#8221;AMFT Therapist&#8221; image_url=&#8221;https:\/\/horizonscwc.com\/wp-content\/uploads\/2024\/11\/daniel_kemp.jpeg&#8221; _builder_version=&#8221;4.27.4&#8243; _module_preset=&#8221;09dca454-ac57-4f7d-bf00-d7aa547595bb&#8221; text_orientation=&#8221;center&#8221; global_colors_info=&#8221;{}&#8221;][\/et_pb_team_member][\/et_pb_column][\/et_pb_row][et_pb_row column_structure=&#8221;1_3,1_3,1_3&#8243; make_equal=&#8221;on&#8221; _builder_version=&#8221;4.27.4&#8243; _module_preset=&#8221;default&#8221; min_height=&#8221;446.5px&#8221; custom_padding=&#8221;||0px|||&#8221; global_colors_info=&#8221;{}&#8221;][et_pb_column type=&#8221;1_3&#8243; _builder_version=&#8221;4.27.4&#8243; _module_preset=&#8221;default&#8221; global_colors_info=&#8221;{}&#8221;][et_pb_team_member name=&#8221;Kendelle Curfew&#8221; position=&#8221;MSW-I Therapist&#8221; image_url=&#8221;https:\/\/horizonscwc.com\/wp-content\/uploads\/2026\/02\/DSC-4269-Original-from-Tania-scaled.jpeg&#8221; _builder_version=&#8221;4.27.4&#8243; _module_preset=&#8221;09dca454-ac57-4f7d-bf00-d7aa547595bb&#8221; text_orientation=&#8221;center&#8221; border_radii_image=&#8221;off||||&#8221; global_colors_info=&#8221;{}&#8221;][\/et_pb_team_member][\/et_pb_column][et_pb_column type=&#8221;1_3&#8243; _builder_version=&#8221;4.27.4&#8243; _module_preset=&#8221;default&#8221; global_colors_info=&#8221;{}&#8221;][et_pb_team_member name=&#8221;Lana Eden&#8221; position=&#8221;CMHC-I Therapist&#8221; image_url=&#8221;https:\/\/horizonscwc.com\/wp-content\/uploads\/2026\/02\/IMG_6147-1-e1770498167901.jpeg&#8221; _builder_version=&#8221;4.27.4&#8243; _module_preset=&#8221;09dca454-ac57-4f7d-bf00-d7aa547595bb&#8221; text_orientation=&#8221;center&#8221; custom_css_free_form=&#8221;.team-pictures {||  width: 250px;||  height: 375px;        \/* 2:3 ratio *\/||  margin: 0 auto;||  overflow: hidden;||}||||.team-pictures img {||  width: 100%;||  height: 100%;||  object-fit: cover;||}&#8221; locked=&#8221;off&#8221; global_colors_info=&#8221;{}&#8221;][\/et_pb_team_member][\/et_pb_column][et_pb_column type=&#8221;1_3&#8243; _builder_version=&#8221;4.27.4&#8243; _module_preset=&#8221;default&#8221; global_colors_info=&#8221;{}&#8221;][et_pb_team_member name=&#8221;Alexa Hodson&#8221; position=&#8221;MSW-I Therapist&#8221; image_url=&#8221;https:\/\/horizonscwc.com\/wp-content\/uploads\/2025\/10\/Alexa_Hodson_Headshot-scaled-e1760232523428.jpeg&#8221; _builder_version=&#8221;4.27.4&#8243; _module_preset=&#8221;09dca454-ac57-4f7d-bf00-d7aa547595bb&#8221; text_orientation=&#8221;center&#8221; global_colors_info=&#8221;{}&#8221;][\/et_pb_team_member][\/et_pb_column][\/et_pb_row][\/et_pb_section]<\/p>","protected":false},"excerpt":{"rendered":"<p>At Horizons Counseling &amp; Wellness Center (HCWC) we are committed to helping our clients achieve emotional stability. We provide therapy based on respect for cultural competence because we understand that each individual is unique and has their own experiences. We can provide all of our services in English and Spanish. HCWC will provide you with [&hellip;]<\/p>","protected":false},"author":1,"featured_media":240568,"parent":0,"menu_order":0,"comment_status":"closed","ping_status":"closed","template":"","meta":{"_et_pb_use_builder":"on","_et_pb_old_content":"<!-- wp:divi\/placeholder \/-->","_et_gb_content_width":"","_joinchat":[],"footnotes":""},"class_list":["post-240132","page","type-page","status-publish","has-post-thumbnail","hentry"],"yoast_head":"<!-- This site is optimized with the Yoast SEO plugin v24.7 - https:\/\/yoast.com\/wordpress\/plugins\/seo\/ -->\n<title>About Us | Horizons Counseling \u2013 Bilingual Therapy in Utah<\/title>\n<meta name=\"description\" content=\"Bilingual therapy in Utah. Terapia en espa\u00f1ol for depression, anxiety, trauma, and more at Horizons Counseling &amp; Wellness Center.\" \/>\n<meta name=\"robots\" content=\"index, follow, max-snippet:-1, max-image-preview:large, max-video-preview:-1\" \/>\n<link rel=\"canonical\" href=\"https:\/\/horizonscwc.com\/es\/about-us\/\" \/>\n<meta property=\"og:locale\" content=\"es_ES\" \/>\n<meta property=\"og:type\" content=\"article\" \/>\n<meta property=\"og:title\" content=\"About Us | Horizons Counseling \u2013 Bilingual Therapy in Utah\" \/>\n<meta property=\"og:description\" content=\"Bilingual therapy in Utah. Terapia en espa\u00f1ol for depression, anxiety, trauma, and more at Horizons Counseling &amp; Wellness Center.\" \/>\n<meta property=\"og:url\" content=\"https:\/\/horizonscwc.com\/es\/about-us\/\" \/>\n<meta property=\"og:site_name\" content=\"Horizons Counseling &amp; Wellness Center, LLC\" \/>\n<meta property=\"article:modified_time\" content=\"2026-02-07T21:22:42+00:00\" \/>\n<meta property=\"og:image\" content=\"https:\/\/horizonscwc.com\/wp-content\/uploads\/2024\/12\/Horizon_Thumbnail.png\" \/>\n\t<meta property=\"og:image:width\" content=\"256\" \/>\n\t<meta property=\"og:image:height\" content=\"256\" \/>\n\t<meta property=\"og:image:type\" content=\"image\/png\" \/>\n<meta name=\"twitter:card\" content=\"summary_large_image\" \/>\n<meta name=\"twitter:label1\" content=\"Tiempo de lectura\" \/>\n\t<meta name=\"twitter:data1\" content=\"3 minutos\" \/>\n<script type=\"application\/ld+json\" class=\"yoast-schema-graph\">{\"@context\":\"https:\/\/schema.org\",\"@graph\":[{\"@type\":\"WebPage\",\"@id\":\"https:\/\/horizonscwc.com\/about-us\/\",\"url\":\"https:\/\/horizonscwc.com\/about-us\/\",\"name\":\"About Us | Horizons Counseling \u2013 Bilingual Therapy in Utah\",\"isPartOf\":{\"@id\":\"https:\/\/horizonscwc.com\/es\/#website\"},\"primaryImageOfPage\":{\"@id\":\"https:\/\/horizonscwc.com\/about-us\/#primaryimage\"},\"image\":{\"@id\":\"https:\/\/horizonscwc.com\/about-us\/#primaryimage\"},\"thumbnailUrl\":\"https:\/\/horizonscwc.com\/wp-content\/uploads\/2024\/12\/Horizon_Thumbnail.png\",\"datePublished\":\"2022-11-17T16:20:17+00:00\",\"dateModified\":\"2026-02-07T21:22:42+00:00\",\"description\":\"Bilingual therapy in Utah. Terapia en espa\u00f1ol for depression, anxiety, trauma, and more at Horizons Counseling & Wellness Center.\",\"breadcrumb\":{\"@id\":\"https:\/\/horizonscwc.com\/about-us\/#breadcrumb\"},\"inLanguage\":\"es\",\"potentialAction\":[{\"@type\":\"ReadAction\",\"target\":[\"https:\/\/horizonscwc.com\/about-us\/\"]}]},{\"@type\":\"ImageObject\",\"inLanguage\":\"es\",\"@id\":\"https:\/\/horizonscwc.com\/about-us\/#primaryimage\",\"url\":\"https:\/\/horizonscwc.com\/wp-content\/uploads\/2024\/12\/Horizon_Thumbnail.png\",\"contentUrl\":\"https:\/\/horizonscwc.com\/wp-content\/uploads\/2024\/12\/Horizon_Thumbnail.png\",\"width\":256,\"height\":256},{\"@type\":\"BreadcrumbList\",\"@id\":\"https:\/\/horizonscwc.com\/about-us\/#breadcrumb\",\"itemListElement\":[{\"@type\":\"ListItem\",\"position\":1,\"name\":\"Home\",\"item\":\"https:\/\/horizonscwc.com\/\"},{\"@type\":\"ListItem\",\"position\":2,\"name\":\"About Us\"}]},{\"@type\":\"WebSite\",\"@id\":\"https:\/\/horizonscwc.com\/es\/#website\",\"url\":\"https:\/\/horizonscwc.com\/es\/\",\"name\":\"Horizons Counseling & Wellness Center, LLC\",\"description\":\"Caring, Confidential Counseling in English and Spanish at Horizons CWC\",\"publisher\":{\"@id\":\"https:\/\/horizonscwc.com\/es\/#organization\"},\"potentialAction\":[{\"@type\":\"SearchAction\",\"target\":{\"@type\":\"EntryPoint\",\"urlTemplate\":\"https:\/\/horizonscwc.com\/es\/?s={search_term_string}\"},\"query-input\":{\"@type\":\"PropertyValueSpecification\",\"valueRequired\":true,\"valueName\":\"search_term_string\"}}],\"inLanguage\":\"es\"},{\"@type\":\"Organization\",\"@id\":\"https:\/\/horizonscwc.com\/es\/#organization\",\"name\":\"Horizons Counseling & Wellness Center, LLC\",\"url\":\"https:\/\/horizonscwc.com\/es\/\",\"logo\":{\"@type\":\"ImageObject\",\"inLanguage\":\"es\",\"@id\":\"https:\/\/horizonscwc.com\/es\/#\/schema\/logo\/image\/\",\"url\":\"https:\/\/horizonscwc.com\/wp-content\/uploads\/2024\/12\/Horizon_Thumbnail.png\",\"contentUrl\":\"https:\/\/horizonscwc.com\/wp-content\/uploads\/2024\/12\/Horizon_Thumbnail.png\",\"width\":256,\"height\":256,\"caption\":\"Horizons Counseling & Wellness Center, LLC\"},\"image\":{\"@id\":\"https:\/\/horizonscwc.com\/es\/#\/schema\/logo\/image\/\"},\"sameAs\":[\"https:\/\/www.instagram.com\/horizons.counseling\"],\"knowsLanguage\":[\"English\",\"Spanish\"],\"knowsAbout\":[\"Terapia en espa\u00f1ol\",\"Spanish-speaking therapist\",\"Depression therapy\",\"Anxiety therapy\",\"Trauma counseling\",\"Domestic violence support\",\"Psychological immigration evaluations\"],\"areaServed\":[{\"@type\":\"AdministrativeArea\",\"name\":\"Roy, Utah\"},{\"@type\":\"AdministrativeArea\",\"name\":\"Weber County\"},{\"@type\":\"AdministrativeArea\",\"name\":\"Northern Utah\"}]}]}<\/script>\n<!-- \/ Yoast SEO plugin. -->","yoast_head_json":{"title":"About Us | Horizons Counseling \u2013 Bilingual Therapy in Utah","description":"Bilingual therapy in Utah. Terapia en espa\u00f1ol for depression, anxiety, trauma, and more at Horizons Counseling & Wellness Center.","robots":{"index":"index","follow":"follow","max-snippet":"max-snippet:-1","max-image-preview":"max-image-preview:large","max-video-preview":"max-video-preview:-1"},"canonical":"https:\/\/horizonscwc.com\/es\/about-us\/","og_locale":"es_ES","og_type":"article","og_title":"About Us | Horizons Counseling \u2013 Bilingual Therapy in Utah","og_description":"Bilingual therapy in Utah. Terapia en espa\u00f1ol for depression, anxiety, trauma, and more at Horizons Counseling & Wellness Center.","og_url":"https:\/\/horizonscwc.com\/es\/about-us\/","og_site_name":"Horizons Counseling &amp; Wellness Center, LLC","article_modified_time":"2026-02-07T21:22:42+00:00","og_image":[{"width":256,"height":256,"url":"https:\/\/horizonscwc.com\/wp-content\/uploads\/2024\/12\/Horizon_Thumbnail.png","type":"image\/png"}],"twitter_card":"summary_large_image","twitter_misc":{"Tiempo de lectura":"3 minutos"},"schema":{"@context":"https:\/\/schema.org","@graph":[{"@type":"WebPage","@id":"https:\/\/horizonscwc.com\/about-us\/","url":"https:\/\/horizonscwc.com\/about-us\/","name":"About Us | Horizons Counseling \u2013 Bilingual Therapy in Utah","isPartOf":{"@id":"https:\/\/horizonscwc.com\/es\/#website"},"primaryImageOfPage":{"@id":"https:\/\/horizonscwc.com\/about-us\/#primaryimage"},"image":{"@id":"https:\/\/horizonscwc.com\/about-us\/#primaryimage"},"thumbnailUrl":"https:\/\/horizonscwc.com\/wp-content\/uploads\/2024\/12\/Horizon_Thumbnail.png","datePublished":"2022-11-17T16:20:17+00:00","dateModified":"2026-02-07T21:22:42+00:00","description":"Bilingual therapy in Utah. Terapia en espa\u00f1ol for depression, anxiety, trauma, and more at Horizons Counseling & Wellness Center.","breadcrumb":{"@id":"https:\/\/horizonscwc.com\/about-us\/#breadcrumb"},"inLanguage":"es","potentialAction":[{"@type":"ReadAction","target":["https:\/\/horizonscwc.com\/about-us\/"]}]},{"@type":"ImageObject","inLanguage":"es","@id":"https:\/\/horizonscwc.com\/about-us\/#primaryimage","url":"https:\/\/horizonscwc.com\/wp-content\/uploads\/2024\/12\/Horizon_Thumbnail.png","contentUrl":"https:\/\/horizonscwc.com\/wp-content\/uploads\/2024\/12\/Horizon_Thumbnail.png","width":256,"height":256},{"@type":"BreadcrumbList","@id":"https:\/\/horizonscwc.com\/about-us\/#breadcrumb","itemListElement":[{"@type":"ListItem","position":1,"name":"Home","item":"https:\/\/horizonscwc.com\/"},{"@type":"ListItem","position":2,"name":"About Us"}]},{"@type":"WebSite","@id":"https:\/\/horizonscwc.com\/es\/#website","url":"https:\/\/horizonscwc.com\/es\/","name":"Horizons Counseling & Wellness Center, LLC","description":"Caring, Confidential Counseling in English and Spanish at Horizons CWC","publisher":{"@id":"https:\/\/horizonscwc.com\/es\/#organization"},"potentialAction":[{"@type":"SearchAction","target":{"@type":"EntryPoint","urlTemplate":"https:\/\/horizonscwc.com\/es\/?s={search_term_string}"},"query-input":{"@type":"PropertyValueSpecification","valueRequired":true,"valueName":"search_term_string"}}],"inLanguage":"es"},{"@type":"Organization","@id":"https:\/\/horizonscwc.com\/es\/#organization","name":"Horizons Counseling & Wellness Center, LLC","url":"https:\/\/horizonscwc.com\/es\/","logo":{"@type":"ImageObject","inLanguage":"es","@id":"https:\/\/horizonscwc.com\/es\/#\/schema\/logo\/image\/","url":"https:\/\/horizonscwc.com\/wp-content\/uploads\/2024\/12\/Horizon_Thumbnail.png","contentUrl":"https:\/\/horizonscwc.com\/wp-content\/uploads\/2024\/12\/Horizon_Thumbnail.png","width":256,"height":256,"caption":"Horizons Counseling & Wellness Center, LLC"},"image":{"@id":"https:\/\/horizonscwc.com\/es\/#\/schema\/logo\/image\/"},"sameAs":["https:\/\/www.instagram.com\/horizons.counseling"],"knowsLanguage":["English","Spanish"],"knowsAbout":["Terapia en espa\u00f1ol","Spanish-speaking therapist","Depression therapy","Anxiety therapy","Trauma counseling","Domestic violence support","Psychological immigration evaluations"],"areaServed":[{"@type":"AdministrativeArea","name":"Roy, Utah"},{"@type":"AdministrativeArea","name":"Weber County"},{"@type":"AdministrativeArea","name":"Northern Utah"}]}]}},"_links":{"self":[{"href":"https:\/\/horizonscwc.com\/es\/wp-json\/wp\/v2\/pages\/240132","targetHints":{"allow":["GET"]}}],"collection":[{"href":"https:\/\/horizonscwc.com\/es\/wp-json\/wp\/v2\/pages"}],"about":[{"href":"https:\/\/horizonscwc.com\/es\/wp-json\/wp\/v2\/types\/page"}],"author":[{"embeddable":true,"href":"https:\/\/horizonscwc.com\/es\/wp-json\/wp\/v2\/users\/1"}],"replies":[{"embeddable":true,"href":"https:\/\/horizonscwc.com\/es\/wp-json\/wp\/v2\/comments?post=240132"}],"version-history":[{"count":64,"href":"https:\/\/horizonscwc.com\/es\/wp-json\/wp\/v2\/pages\/240132\/revisions"}],"predecessor-version":[{"id":240831,"href":"https:\/\/horizonscwc.com\/es\/wp-json\/wp\/v2\/pages\/240132\/revisions\/240831"}],"wp:featuredmedia":[{"embeddable":true,"href":"https:\/\/horizonscwc.com\/es\/wp-json\/wp\/v2\/media\/240568"}],"wp:attachment":[{"href":"https:\/\/horizonscwc.com\/es\/wp-json\/wp\/v2\/media?parent=240132"}],"curies":[{"name":"wp","href":"https:\/\/api.w.org\/{rel}","templated":true}]}}