{"id":240353,"date":"2022-11-22T15:40:18","date_gmt":"2022-11-22T15:40:18","guid":{"rendered":"https:\/\/horizonscwc.com\/?page_id=240353"},"modified":"2025-01-06T08:52:29","modified_gmt":"2025-01-06T08:52:29","slug":"sexual-abuse","status":"publish","type":"page","link":"https:\/\/horizonscwc.com\/es\/sexual-abuse\/","title":{"rendered":"Abuso Sexual"},"content":{"rendered":"[et_pb_section fb_built=&#8221;1&#8243; fullwidth=&#8221;on&#8221; _builder_version=&#8221;4.19.0&#8243; _module_preset=&#8221;default&#8221; global_colors_info=&#8221;{}&#8221;][et_pb_fullwidth_slider _builder_version=&#8221;4.24.0&#8243; _module_preset=&#8221;default&#8221; custom_padding=&#8221;75px||75px||true|&#8221; hover_enabled=&#8221;0&#8243; global_colors_info=&#8221;{}&#8221; sticky_enabled=&#8221;0&#8243;][et_pb_slide heading=&#8221;SEXUAL ABUSE THERAPY&#8221; _builder_version=&#8221;4.24.0&#8243; _module_preset=&#8221;default&#8221; header_font=&#8221;Poppins|700|||||||&#8221; background_image=&#8221;https:\/\/horizonscwc.com\/wp-content\/uploads\/2022\/11\/fondo.jpg&#8221; background_enable_image=&#8221;on&#8221; text_orientation=&#8221;left&#8221; hover_enabled=&#8221;0&#8243; global_colors_info=&#8221;{}&#8221; sticky_transition=&#8221;on&#8221; sticky_enabled=&#8221;0&#8243;][\/et_pb_slide][\/et_pb_fullwidth_slider][\/et_pb_section][et_pb_section fb_built=&#8221;1&#8243; _builder_version=&#8221;4.19.0&#8243; _module_preset=&#8221;default&#8221; custom_padding=&#8221;39px|||||&#8221; global_colors_info=&#8221;{}&#8221;][et_pb_row column_structure=&#8221;1_2,1_2&#8243; _builder_version=&#8221;4.19.0&#8243; _module_preset=&#8221;default&#8221; global_colors_info=&#8221;{}&#8221;][et_pb_column type=&#8221;1_2&#8243; _builder_version=&#8221;4.19.0&#8243; _module_preset=&#8221;default&#8221; global_colors_info=&#8221;{}&#8221;][et_pb_text _builder_version=&#8221;4.24.0&#8243; _module_preset=&#8221;default&#8221; text_font=&#8221;Poppins|300|||||||&#8221; text_font_size=&#8221;16px&#8221; header_2_font=&#8221;Poppins|800|||||||&#8221; header_2_font_size=&#8221;28px&#8221; header_2_line_height=&#8221;35px&#8221; custom_margin=&#8221;||21px|||&#8221; hover_enabled=&#8221;0&#8243; global_colors_info=&#8221;{}&#8221; sticky_enabled=&#8221;0&#8243;]<h2>\u00bfQu\u00e9 es Sexual abuse?<\/h2>[\/et_pb_text][et_pb_text _builder_version=&#8221;4.24.0&#8243; _module_preset=&#8221;default&#8221; text_font=&#8221;Poppins|300|||||||&#8221; text_font_size=&#8221;16px&#8221; hover_enabled=&#8221;0&#8243; global_colors_info=&#8221;{}&#8221; sticky_enabled=&#8221;0&#8243;]<p style=\"text-align: justify;\">El abuso sexual es cualquier actividad sexual que ocurre sin consentimiento. Tambi\u00e9n conocida como agresi\u00f3n sexual o violencia sexual, incluye contacto sexual no deseado, sexo oral forzado y violaci\u00f3n, entre otros actos sexuales. No importa qu\u00e9 acto ocurra, no es culpa del sobreviviente que haya sido agredido. En HCWC estamos aqu\u00ed para ayudarlo a comenzar el proceso de recuperaci\u00f3n de dicho abuso. (Psicolog\u00eda Hoy)<\/p>\n<p style=\"text-align: justify;\"><em><span style=\"color: #000000;\">(psychologytoday)<\/span><\/em><\/p>[\/et_pb_text][\/et_pb_column][et_pb_column type=&#8221;1_2&#8243; _builder_version=&#8221;4.19.0&#8243; _module_preset=&#8221;default&#8221; global_colors_info=&#8221;{}&#8221;][et_pb_image src=&#8221;https:\/\/horizonscwc.com\/wp-content\/uploads\/2022\/11\/sexual2.jpg&#8221; title_text=&#8221;sexual2&#8243; _builder_version=&#8221;4.19.1&#8243; _module_preset=&#8221;default&#8221; global_colors_info=&#8221;{}&#8221;][\/et_pb_image][\/et_pb_column][\/et_pb_row][\/et_pb_section]","protected":false},"excerpt":{"rendered":"<p>What is Sexual abuse?Sexual abuse is any sexual activity that occurs without consent. Also known as sexual assault or sexual violence, it includes unwanted sexual contact, forced oral sex, and rape, among other sexual acts. No matter what act occurs, it is not the survivor&#8217;s fault that they were assaulted. At HCWC we are here [&hellip;]<\/p>","protected":false},"author":1,"featured_media":240568,"parent":0,"menu_order":0,"comment_status":"closed","ping_status":"closed","template":"","meta":{"_et_pb_use_builder":"on","_et_pb_old_content":"","_et_gb_content_width":"","_joinchat":[],"footnotes":""},"class_list":["post-240353","page","type-page","status-publish","has-post-thumbnail","hentry"],"yoast_head":"<!-- This site is optimized with the Yoast SEO plugin v24.7 - https:\/\/yoast.com\/wordpress\/plugins\/seo\/ -->\n<title>Sexual Abuse - Horizons Counseling &amp; Wellness Center, LLC<\/title>\n<meta name=\"robots\" content=\"index, follow, max-snippet:-1, max-image-preview:large, max-video-preview:-1\" \/>\n<link rel=\"canonical\" href=\"https:\/\/horizonscwc.com\/es\/sexual-abuse\/\" \/>\n<meta property=\"og:locale\" content=\"es_ES\" \/>\n<meta property=\"og:type\" content=\"article\" \/>\n<meta property=\"og:title\" content=\"Sexual Abuse - Horizons Counseling &amp; Wellness Center, LLC\" \/>\n<meta property=\"og:url\" content=\"https:\/\/horizonscwc.com\/es\/sexual-abuse\/\" \/>\n<meta property=\"og:site_name\" content=\"Horizons Counseling &amp; Wellness Center, LLC\" \/>\n<meta property=\"article:modified_time\" content=\"2025-01-06T08:52:29+00:00\" \/>\n<meta property=\"og:image\" content=\"https:\/\/horizonscwc.com\/wp-content\/uploads\/2024\/12\/Horizon_Thumbnail.png\" \/>\n\t<meta property=\"og:image:width\" content=\"256\" \/>\n\t<meta property=\"og:image:height\" content=\"256\" \/>\n\t<meta property=\"og:image:type\" content=\"image\/png\" \/>\n<meta name=\"twitter:card\" content=\"summary_large_image\" \/>\n<meta name=\"twitter:description\" content=\"[dizo_image_hover image=&quot;https:\/\/horizonscwc.com\/wp-content\/uploads\/2022\/11\/wood.jpg&quot; image_as_bg=&quot;on&quot; image_height_bg=&quot;670px&quot; effect_style=&quot;adv&quot; advanced_style=&quot;dzhvr-blinds-left&quot; t_prefix=&quot;Aliquam tincidunt &quot; t_infix=&quot;mauris eu risus&quot; t_suffix=&quot;dapibus neque.&quot; content_text=&quot;Donec nec justo eget felis facilisis fermentum. Aliquam porttitor mauris sit amet orci. Aenean dignissim pellentesque felis.&quot; button_text=&quot;View More&quot; button_url=&quot;https:\/\/divizoom.com&quot; button_url_new_window=&quot;1&quot; content_valign=&quot;on&quot; overlay_bgcolor=&quot;rgba(7,32,102,0.87)&quot; overlay_use_gradient=&quot;on&quot; overlay_color_gradient_1=&quot;rgba(43,135,218,0.13)&quot; overlay_color_gradient_2=&quot;rgba(7,32,102,0.12)&quot; overlay_gradient_direction=&quot;184deg&quot; overlay_above_image=&quot;on&quot; title_margin=&quot;||17px||false|false&quot; title_margin_tablet=&quot;&quot; title_margin_phone=&quot;24px||||false|false&quot; title_margin_last_edited=&quot;on|phone&quot; text_padding=&quot;|30%||30%|false|true&quot; text_padding_tablet=&quot;|6%||6%|false|true&quot; text_padding_phone=&quot;|0%||0%|false|true&quot; text_padding_last_edited=&quot;on|phone&quot; module_link_url_new_window=&quot;1&quot; content_show=&quot;on&quot; image_height_bg_tablet=&quot;442px&quot; image_height_bg_phone=&quot;360px&quot; image_height_bg_last_edited=&quot;on|phone&quot; [&hellip;]\" \/>\n<meta name=\"twitter:label1\" content=\"Tiempo de lectura\" \/>\n\t<meta name=\"twitter:data1\" content=\"1 minuto\" \/>\n<script type=\"application\/ld+json\" class=\"yoast-schema-graph\">{\"@context\":\"https:\/\/schema.org\",\"@graph\":[{\"@type\":\"WebPage\",\"@id\":\"https:\/\/horizonscwc.com\/es\/sexual-abuse\/\",\"url\":\"https:\/\/horizonscwc.com\/es\/sexual-abuse\/\",\"name\":\"Sexual Abuse - Horizons Counseling &amp; Wellness Center, LLC\",\"isPartOf\":{\"@id\":\"https:\/\/horizonscwc.com\/es\/#website\"},\"primaryImageOfPage\":{\"@id\":\"https:\/\/horizonscwc.com\/es\/sexual-abuse\/#primaryimage\"},\"image\":{\"@id\":\"https:\/\/horizonscwc.com\/es\/sexual-abuse\/#primaryimage\"},\"thumbnailUrl\":\"https:\/\/horizonscwc.com\/wp-content\/uploads\/2024\/12\/Horizon_Thumbnail.png\",\"datePublished\":\"2022-11-22T15:40:18+00:00\",\"dateModified\":\"2025-01-06T08:52:29+00:00\",\"breadcrumb\":{\"@id\":\"https:\/\/horizonscwc.com\/es\/sexual-abuse\/#breadcrumb\"},\"inLanguage\":\"es\",\"potentialAction\":[{\"@type\":\"ReadAction\",\"target\":[\"https:\/\/horizonscwc.com\/es\/sexual-abuse\/\"]}]},{\"@type\":\"ImageObject\",\"inLanguage\":\"es\",\"@id\":\"https:\/\/horizonscwc.com\/es\/sexual-abuse\/#primaryimage\",\"url\":\"https:\/\/horizonscwc.com\/wp-content\/uploads\/2024\/12\/Horizon_Thumbnail.png\",\"contentUrl\":\"https:\/\/horizonscwc.com\/wp-content\/uploads\/2024\/12\/Horizon_Thumbnail.png\",\"width\":256,\"height\":256},{\"@type\":\"BreadcrumbList\",\"@id\":\"https:\/\/horizonscwc.com\/es\/sexual-abuse\/#breadcrumb\",\"itemListElement\":[{\"@type\":\"ListItem\",\"position\":1,\"name\":\"Home\",\"item\":\"https:\/\/horizonscwc.com\/\"},{\"@type\":\"ListItem\",\"position\":2,\"name\":\"Sexual Abuse\"}]},{\"@type\":\"WebSite\",\"@id\":\"https:\/\/horizonscwc.com\/es\/#website\",\"url\":\"https:\/\/horizonscwc.com\/es\/\",\"name\":\"Horizons Counseling & Wellness Center, LLC\",\"description\":\"Caring, Confidential Counseling in English and Spanish at Horizons CWC\",\"publisher\":{\"@id\":\"https:\/\/horizonscwc.com\/es\/#organization\"},\"potentialAction\":[{\"@type\":\"SearchAction\",\"target\":{\"@type\":\"EntryPoint\",\"urlTemplate\":\"https:\/\/horizonscwc.com\/es\/?s={search_term_string}\"},\"query-input\":{\"@type\":\"PropertyValueSpecification\",\"valueRequired\":true,\"valueName\":\"search_term_string\"}}],\"inLanguage\":\"es\"},{\"@type\":\"Organization\",\"@id\":\"https:\/\/horizonscwc.com\/es\/#organization\",\"name\":\"Horizons Counseling & Wellness Center, LLC\",\"url\":\"https:\/\/horizonscwc.com\/es\/\",\"logo\":{\"@type\":\"ImageObject\",\"inLanguage\":\"es\",\"@id\":\"https:\/\/horizonscwc.com\/es\/#\/schema\/logo\/image\/\",\"url\":\"https:\/\/horizonscwc.com\/wp-content\/uploads\/2024\/12\/Horizon_Thumbnail.png\",\"contentUrl\":\"https:\/\/horizonscwc.com\/wp-content\/uploads\/2024\/12\/Horizon_Thumbnail.png\",\"width\":256,\"height\":256,\"caption\":\"Horizons Counseling & Wellness Center, LLC\"},\"image\":{\"@id\":\"https:\/\/horizonscwc.com\/es\/#\/schema\/logo\/image\/\"},\"sameAs\":[\"https:\/\/www.instagram.com\/horizons.counseling\"],\"knowsLanguage\":[\"English\",\"Spanish\"],\"knowsAbout\":[\"Terapia en espa\u00f1ol\",\"Spanish-speaking therapist\",\"Depression therapy\",\"Anxiety therapy\",\"Trauma counseling\",\"Domestic violence support\",\"Psychological immigration evaluations\"],\"areaServed\":[{\"@type\":\"AdministrativeArea\",\"name\":\"Roy, Utah\"},{\"@type\":\"AdministrativeArea\",\"name\":\"Weber County\"},{\"@type\":\"AdministrativeArea\",\"name\":\"Northern Utah\"}]}]}<\/script>\n<!-- \/ Yoast SEO plugin. -->","yoast_head_json":{"title":"Sexual Abuse - Horizons Counseling &amp; Wellness Center, LLC","robots":{"index":"index","follow":"follow","max-snippet":"max-snippet:-1","max-image-preview":"max-image-preview:large","max-video-preview":"max-video-preview:-1"},"canonical":"https:\/\/horizonscwc.com\/es\/sexual-abuse\/","og_locale":"es_ES","og_type":"article","og_title":"Sexual Abuse - Horizons Counseling &amp; Wellness Center, LLC","og_url":"https:\/\/horizonscwc.com\/es\/sexual-abuse\/","og_site_name":"Horizons Counseling &amp; Wellness Center, LLC","article_modified_time":"2025-01-06T08:52:29+00:00","og_image":[{"width":256,"height":256,"url":"https:\/\/horizonscwc.com\/wp-content\/uploads\/2024\/12\/Horizon_Thumbnail.png","type":"image\/png"}],"twitter_card":"summary_large_image","twitter_description":"[dizo_image_hover image=\"https:\/\/horizonscwc.com\/wp-content\/uploads\/2022\/11\/wood.jpg\" image_as_bg=\"on\" image_height_bg=\"670px\" effect_style=\"adv\" advanced_style=\"dzhvr-blinds-left\" t_prefix=\"Aliquam tincidunt \" t_infix=\"mauris eu risus\" t_suffix=\"dapibus neque.\" content_text=\"Donec nec justo eget felis facilisis fermentum. Aliquam porttitor mauris sit amet orci. Aenean dignissim pellentesque felis.\" button_text=\"View More\" button_url=\"https:\/\/divizoom.com\" button_url_new_window=\"1\" content_valign=\"on\" overlay_bgcolor=\"rgba(7,32,102,0.87)\" overlay_use_gradient=\"on\" overlay_color_gradient_1=\"rgba(43,135,218,0.13)\" overlay_color_gradient_2=\"rgba(7,32,102,0.12)\" overlay_gradient_direction=\"184deg\" overlay_above_image=\"on\" title_margin=\"||17px||false|false\" title_margin_tablet=\"\" title_margin_phone=\"24px||||false|false\" title_margin_last_edited=\"on|phone\" text_padding=\"|30%||30%|false|true\" text_padding_tablet=\"|6%||6%|false|true\" text_padding_phone=\"|0%||0%|false|true\" text_padding_last_edited=\"on|phone\" module_link_url_new_window=\"1\" content_show=\"on\" image_height_bg_tablet=\"442px\" image_height_bg_phone=\"360px\" image_height_bg_last_edited=\"on|phone\" [&hellip;]","twitter_misc":{"Tiempo de lectura":"1 minuto"},"schema":{"@context":"https:\/\/schema.org","@graph":[{"@type":"WebPage","@id":"https:\/\/horizonscwc.com\/es\/sexual-abuse\/","url":"https:\/\/horizonscwc.com\/es\/sexual-abuse\/","name":"Sexual Abuse - Horizons Counseling &amp; Wellness Center, LLC","isPartOf":{"@id":"https:\/\/horizonscwc.com\/es\/#website"},"primaryImageOfPage":{"@id":"https:\/\/horizonscwc.com\/es\/sexual-abuse\/#primaryimage"},"image":{"@id":"https:\/\/horizonscwc.com\/es\/sexual-abuse\/#primaryimage"},"thumbnailUrl":"https:\/\/horizonscwc.com\/wp-content\/uploads\/2024\/12\/Horizon_Thumbnail.png","datePublished":"2022-11-22T15:40:18+00:00","dateModified":"2025-01-06T08:52:29+00:00","breadcrumb":{"@id":"https:\/\/horizonscwc.com\/es\/sexual-abuse\/#breadcrumb"},"inLanguage":"es","potentialAction":[{"@type":"ReadAction","target":["https:\/\/horizonscwc.com\/es\/sexual-abuse\/"]}]},{"@type":"ImageObject","inLanguage":"es","@id":"https:\/\/horizonscwc.com\/es\/sexual-abuse\/#primaryimage","url":"https:\/\/horizonscwc.com\/wp-content\/uploads\/2024\/12\/Horizon_Thumbnail.png","contentUrl":"https:\/\/horizonscwc.com\/wp-content\/uploads\/2024\/12\/Horizon_Thumbnail.png","width":256,"height":256},{"@type":"BreadcrumbList","@id":"https:\/\/horizonscwc.com\/es\/sexual-abuse\/#breadcrumb","itemListElement":[{"@type":"ListItem","position":1,"name":"Home","item":"https:\/\/horizonscwc.com\/"},{"@type":"ListItem","position":2,"name":"Sexual Abuse"}]},{"@type":"WebSite","@id":"https:\/\/horizonscwc.com\/es\/#website","url":"https:\/\/horizonscwc.com\/es\/","name":"Horizons Counseling & Wellness Center, LLC","description":"Caring, Confidential Counseling in English and Spanish at Horizons CWC","publisher":{"@id":"https:\/\/horizonscwc.com\/es\/#organization"},"potentialAction":[{"@type":"SearchAction","target":{"@type":"EntryPoint","urlTemplate":"https:\/\/horizonscwc.com\/es\/?s={search_term_string}"},"query-input":{"@type":"PropertyValueSpecification","valueRequired":true,"valueName":"search_term_string"}}],"inLanguage":"es"},{"@type":"Organization","@id":"https:\/\/horizonscwc.com\/es\/#organization","name":"Horizons Counseling & Wellness Center, LLC","url":"https:\/\/horizonscwc.com\/es\/","logo":{"@type":"ImageObject","inLanguage":"es","@id":"https:\/\/horizonscwc.com\/es\/#\/schema\/logo\/image\/","url":"https:\/\/horizonscwc.com\/wp-content\/uploads\/2024\/12\/Horizon_Thumbnail.png","contentUrl":"https:\/\/horizonscwc.com\/wp-content\/uploads\/2024\/12\/Horizon_Thumbnail.png","width":256,"height":256,"caption":"Horizons Counseling & Wellness Center, LLC"},"image":{"@id":"https:\/\/horizonscwc.com\/es\/#\/schema\/logo\/image\/"},"sameAs":["https:\/\/www.instagram.com\/horizons.counseling"],"knowsLanguage":["English","Spanish"],"knowsAbout":["Terapia en espa\u00f1ol","Spanish-speaking therapist","Depression therapy","Anxiety therapy","Trauma counseling","Domestic violence support","Psychological immigration evaluations"],"areaServed":[{"@type":"AdministrativeArea","name":"Roy, Utah"},{"@type":"AdministrativeArea","name":"Weber County"},{"@type":"AdministrativeArea","name":"Northern Utah"}]}]}},"_links":{"self":[{"href":"https:\/\/horizonscwc.com\/es\/wp-json\/wp\/v2\/pages\/240353","targetHints":{"allow":["GET"]}}],"collection":[{"href":"https:\/\/horizonscwc.com\/es\/wp-json\/wp\/v2\/pages"}],"about":[{"href":"https:\/\/horizonscwc.com\/es\/wp-json\/wp\/v2\/types\/page"}],"author":[{"embeddable":true,"href":"https:\/\/horizonscwc.com\/es\/wp-json\/wp\/v2\/users\/1"}],"replies":[{"embeddable":true,"href":"https:\/\/horizonscwc.com\/es\/wp-json\/wp\/v2\/comments?post=240353"}],"version-history":[{"count":9,"href":"https:\/\/horizonscwc.com\/es\/wp-json\/wp\/v2\/pages\/240353\/revisions"}],"predecessor-version":[{"id":240579,"href":"https:\/\/horizonscwc.com\/es\/wp-json\/wp\/v2\/pages\/240353\/revisions\/240579"}],"wp:featuredmedia":[{"embeddable":true,"href":"https:\/\/horizonscwc.com\/es\/wp-json\/wp\/v2\/media\/240568"}],"wp:attachment":[{"href":"https:\/\/horizonscwc.com\/es\/wp-json\/wp\/v2\/media?parent=240353"}],"curies":[{"name":"wp","href":"https:\/\/api.w.org\/{rel}","templated":true}]}}